{"id":734,"date":"2021-09-09T19:30:42","date_gmt":"2021-09-09T19:30:42","guid":{"rendered":"https:\/\/centrechirurgical819.com\/?page_id=734"},"modified":"2025-07-28T09:20:37","modified_gmt":"2025-07-28T13:20:37","slug":"home","status":"publish","type":"page","link":"https:\/\/centrechirurgical819.com\/en\/","title":{"rendered":"Home"},"content":{"rendered":"\n<div class=\"width-bg-icon\"><div class=\"wp-block-group alignwide\">\n<div class=\"wp-block-cover full-height with-parallax\"><img loading=\"lazy\" decoding=\"async\" width=\"1920\" height=\"1090\" class=\"wp-block-cover__image-background wp-image-206\" alt=\"\" src=\"https:\/\/centrechirurgical819.com\/wp-content\/uploads\/2021\/06\/banniere-accueil.jpg\" data-object-fit=\"cover\" srcset=\"https:\/\/centrechirurgical819.com\/wp-content\/uploads\/2021\/06\/banniere-accueil.jpg 1920w, https:\/\/centrechirurgical819.com\/wp-content\/uploads\/2021\/06\/banniere-accueil-300x170.jpg 300w, https:\/\/centrechirurgical819.com\/wp-content\/uploads\/2021\/06\/banniere-accueil-1024x581.jpg 1024w, https:\/\/centrechirurgical819.com\/wp-content\/uploads\/2021\/06\/banniere-accueil-768x436.jpg 768w, https:\/\/centrechirurgical819.com\/wp-content\/uploads\/2021\/06\/banniere-accueil-1536x872.jpg 1536w\" sizes=\"auto, (max-width: 1920px) 100vw, 1920px\" \/><span aria-hidden=\"true\" class=\"wp-block-cover__background has-background-dim-0 has-background-dim\"><\/span><div class=\"wp-block-cover__inner-container is-layout-flow wp-block-cover-is-layout-flow\">\n<div class=\"wp-block-group\"><div class=\"wp-block-group__inner-container is-layout-flow wp-block-group-is-layout-flow\"><div class=\"wp-block-group__inner-container is-layout-flow wp-block-group-is-layout-flow\">\n<h1 class=\"wp-block-heading has-text-align-center has-color-5-color has-text-color animate__fadeIn toAnimate\">The 819 Surgical Center brings together a team of healthcare professionals and surgeons specializing in orthopedic surgery.<\/h1>\n\n\n<div class=\"wp-block-image\">\n<figure class=\"aligncenter size-large animate__fadeIn toAnimate\"><img loading=\"lazy\" decoding=\"async\" width=\"28\" height=\"28\" src=\"https:\/\/centrechirurgical819.com\/wp-content\/uploads\/2021\/06\/arrow.png\" alt=\"\" class=\"wp-image-298\"\/><\/figure>\n<\/div>\n\n\n<p class=\"has-text-align-center animate__fadeIn toAnimate\">To reduce the waiting list for<br>surgeries in Outaouais<\/p>\n\n\n\n<div style=\"height:25px\" aria-hidden=\"true\" class=\"wp-block-spacer\"><\/div>\n<\/div><\/div>\n\n\n\n<div class=\"wp-block-buttons animate__fadeIn toAnimate is-horizontal is-content-justification-center is-layout-flex wp-container-core-buttons-is-layout-499968f5 wp-block-buttons-is-layout-flex\">\n<div class=\"wp-block-button is-style-fill btn-style-bg-white \"><a class=\"wp-block-button__link has-color-2-color has-color-5-background-color has-text-color has-background wp-element-button\" href=\"https:\/\/centrechirurgical819.com\/en\/about\/\">Learn more about us<\/a><\/div>\n<\/div>\n<\/div><\/div>\n<\/div><div class=\"svg-parallax\"><div class=\"svg-element animate__fadeIn toAnimate anim-delay\"><\/div><\/div><\/div><\/div>\n\n\n\n<div class=\"wp-block-columns two-col-image-fit is-layout-flex wp-container-core-columns-is-layout-9d6595d7 wp-block-columns-is-layout-flex\">\n<div class=\"wp-block-column is-layout-flow wp-block-column-is-layout-flow\">\n<figure class=\"wp-block-image size-large\"><img loading=\"lazy\" decoding=\"async\" width=\"1024\" height=\"683\" src=\"https:\/\/centrechirurgical819.com\/wp-content\/uploads\/2021\/09\/adobestock-213032325-1024x683.jpeg\" alt=\"\" class=\"wp-image-784\" srcset=\"https:\/\/centrechirurgical819.com\/wp-content\/uploads\/2021\/09\/adobestock-213032325-1024x683.jpeg 1024w, https:\/\/centrechirurgical819.com\/wp-content\/uploads\/2021\/09\/adobestock-213032325-300x200.jpeg 300w, https:\/\/centrechirurgical819.com\/wp-content\/uploads\/2021\/09\/adobestock-213032325-768x512.jpeg 768w, https:\/\/centrechirurgical819.com\/wp-content\/uploads\/2021\/09\/adobestock-213032325-1536x1024.jpeg 1536w, https:\/\/centrechirurgical819.com\/wp-content\/uploads\/2021\/09\/adobestock-213032325-2048x1365.jpeg 2048w\" sizes=\"auto, (max-width: 1024px) 100vw, 1024px\" \/><\/figure>\n<\/div>\n\n\n\n<div class=\"wp-block-column is-vertically-aligned-center animate__fadeInRight toAnimate is-layout-flow wp-block-column-is-layout-flow\">\n<div style=\"height:140px\" aria-hidden=\"true\" class=\"wp-block-spacer\"><\/div>\n\n\n<div class=\"wp-block-image\">\n<figure class=\"aligncenter size-large\"><img loading=\"lazy\" decoding=\"async\" width=\"54\" height=\"60\" src=\"https:\/\/centrechirurgical819.com\/wp-content\/uploads\/2021\/07\/equipe-icone.png\" alt=\"\" class=\"wp-image-301\"\/><\/figure>\n<\/div>\n\n\n<div style=\"height:55px\" aria-hidden=\"true\" class=\"wp-block-spacer\"><\/div>\n\n\n\n<h2 class=\"wp-block-heading has-text-align-center has-color-2-color has-text-color\">Our professionals<\/h2>\n\n\n\n<p class=\"has-text-align-center has-color-2-color has-text-color smaller-with \">All members of our team make your health, the quality of their care, and your safety a priority. From preoperative assessment to postoperative follow-up, our surgeons and our qualified team of nurses, nursing assistants and attendants are committed to meeting all of your needs.&nbsp;<\/p>\n\n\n\n<p class=\"has-text-align-center has-color-2-color has-text-color has-link-color smaller-with wp-elements-cb72c7e390ae98111c3f3b5290ff29c8\">Henry-Servantes Gaspard \u2013 Orthopaedist<br>Wadih Youssef Matar- Orthopaedist<br>Corey Richards \u2013 Orthopaedist<br>Jad Mansour \u2013 Orthopaedist<br>Nyala Gosselin-Papadopoulos \u2013 Orthopaedist<br>William Desloges \u2013 Orthopaedist<br>Nathalie Therriault \u2013 Orthopaedist<\/p>\n\n\n\n<div style=\"height:40px\" aria-hidden=\"true\" class=\"wp-block-spacer\"><\/div>\n\n\n\n<div style=\"height:110px\" aria-hidden=\"true\" class=\"wp-block-spacer\"><\/div>\n<\/div>\n<\/div>\n\n\n\n<div class=\"wp-block-cover with-parallax\"><img loading=\"lazy\" decoding=\"async\" width=\"2000\" height=\"1100\" class=\"wp-block-cover__image-background wp-image-303\" alt=\"\" src=\"https:\/\/centrechirurgical819.com\/wp-content\/uploads\/2021\/07\/cta-equipe-parallax.jpg\" data-object-fit=\"cover\" srcset=\"https:\/\/centrechirurgical819.com\/wp-content\/uploads\/2021\/07\/cta-equipe-parallax.jpg 2000w, https:\/\/centrechirurgical819.com\/wp-content\/uploads\/2021\/07\/cta-equipe-parallax-300x165.jpg 300w, https:\/\/centrechirurgical819.com\/wp-content\/uploads\/2021\/07\/cta-equipe-parallax-1024x563.jpg 1024w, https:\/\/centrechirurgical819.com\/wp-content\/uploads\/2021\/07\/cta-equipe-parallax-768x422.jpg 768w, https:\/\/centrechirurgical819.com\/wp-content\/uploads\/2021\/07\/cta-equipe-parallax-1536x845.jpg 1536w\" sizes=\"auto, (max-width: 2000px) 100vw, 2000px\" \/><div class=\"wp-block-cover__inner-container is-layout-flow wp-block-cover-is-layout-flow\">\n\n<div class=\"wp-block-group\"><div class=\"wp-block-group__inner-container is-layout-flow wp-block-group-is-layout-flow\">\n\n<div style=\"height:170px\" aria-hidden=\"true\" class=\"wp-block-spacer\"><\/div>\n\n\n<div class=\"wp-block-image animate__fadeIn toAnimate\"><figure class=\"aligncenter size-large\"><img loading=\"lazy\" decoding=\"async\" width=\"73\" height=\"55\" src=\"https:\/\/centrechirurgical819.com\/wp-content\/uploads\/2021\/07\/coeur.png\" alt=\"\" class=\"wp-image-302\"\/><\/figure><\/div>\n\n\n<div style=\"height:55px\" aria-hidden=\"true\" class=\"wp-block-spacer\"><\/div>\n\n\n<h2 class=\"has-text-align-center animate__fadeIn toAnimate smaller-margin wp-block-heading\">Join us<\/h2>\n\n\n<p class=\"has-text-align-center animate__fadeIn toAnimate smaller-with \">Are you dedicated to providing quality, compassionate and respectful health services? View our list of job openings. There may be one waiting for you!<\/p>\n\n\n<div class=\"wp-block-buttons is-content-justification-center animate__fadeIn toAnimate is-layout-flex wp-block-buttons-is-layout-flex\">\n\n<div class=\"wp-block-button is-style-outline is-style-outline--1\"><a class=\"wp-block-button__link has-color-5-color has-text-color\" href=\"https:\/\/centrechirurgical819.com\/en\/careers\/\">See openings<\/a><\/div>\n\n<\/div>\n\n\n<div style=\"height:185px\" aria-hidden=\"true\" class=\"wp-block-spacer\"><\/div>\n\n<\/div><\/div>\n\n<\/div><\/div>\n\n\n\n<div class=\"wp-block-group has-color-5-color has-color-2-background-color has-text-color has-background\"><div class=\"wp-block-group__inner-container is-layout-flow wp-block-group-is-layout-flow\">\n<div class=\"wp-block-group\"><div class=\"wp-block-group__inner-container is-layout-flow wp-block-group-is-layout-flow\">\n<div style=\"height:70px\" aria-hidden=\"true\" class=\"wp-block-spacer\"><\/div>\n\n\n\n<h3 class=\"wp-block-heading has-text-align-center animate__fadeIn toAnimate\">Focused on excellence<\/h3>\n\n\n\n<div style=\"height:35px\" aria-hidden=\"true\" class=\"wp-block-spacer\"><\/div>\n<\/div><\/div>\n<\/div><\/div>\n\n\n\n<div class=\"width-bg-icon higher-pos\"><div class=\"wp-block-group alignfull bg-blue-gradient \"><div class=\"wp-block-group__inner-container is-layout-flow wp-block-group-is-layout-flow\">\n<div class=\"wp-block-group\"><div class=\"wp-block-group__inner-container\"><div class=\"wp-block-group__inner-container is-layout-flow wp-block-group-is-layout-flow\">\n<div style=\"height:100px\" aria-hidden=\"true\" class=\"wp-block-spacer\"><\/div>\n\n\n\n<h2 class=\"has-text-align-center animate__fadeIn toAnimate wp-block-heading\">CONTACT US<\/h2>\n\n\n\n<p class=\"has-text-align-center animate__fadeIn toAnimate style-tel-link \">Call<br><strong><a href=\"tel:819-525-3250\">819-525-3250<\/a><\/strong><br>to reach a member of our team.<br>You can also complete the following form and we will contact you shortly.<\/p>\n\n\n\n<div style=\"height:27px\" aria-hidden=\"true\" class=\"wp-block-spacer\"><\/div>\n\n\n<div class=\"contact-form animate__fadeIn toAnimate\">\n    <div id=\"contact-form-block_60e47940164da\" class=\"cf7-wrapper\">\n    \n<div class=\"wpcf7 no-js\" id=\"wpcf7-f914-o1\" lang=\"fr-CA\" dir=\"ltr\" data-wpcf7-id=\"914\">\n<div class=\"screen-reader-response\"><p role=\"status\" aria-live=\"polite\" aria-atomic=\"true\"><\/p> <ul><\/ul><\/div>\n<form action=\"\/en\/wp-json\/wp\/v2\/pages\/734#wpcf7-f914-o1\" method=\"post\" class=\"wpcf7-form init\" aria-label=\"Contact form\" novalidate=\"novalidate\" data-status=\"init\">\n<div style=\"display: none;\">\n<input type=\"hidden\" name=\"_wpcf7\" value=\"914\" \/>\n<input type=\"hidden\" name=\"_wpcf7_version\" value=\"6.0.5\" \/>\n<input type=\"hidden\" name=\"_wpcf7_locale\" value=\"fr_CA\" \/>\n<input type=\"hidden\" name=\"_wpcf7_unit_tag\" value=\"wpcf7-f914-o1\" \/>\n<input type=\"hidden\" name=\"_wpcf7_container_post\" value=\"0\" \/>\n<input type=\"hidden\" name=\"_wpcf7_posted_data_hash\" value=\"\" \/>\n<input type=\"hidden\" name=\"_wpcf7_recaptcha_response\" value=\"\" \/>\n<\/div>\n<div class=\"form-row\">\n\t<div class=\"input-wrapper col-4\">\n\t\t<p><span class=\"wpcf7-form-control-wrap\" data-name=\"your-name\"><input size=\"40\" maxlength=\"400\" class=\"wpcf7-form-control wpcf7-text wpcf7-validates-as-required\" aria-required=\"true\" aria-invalid=\"false\" placeholder=\"First and last name*\" value=\"\" type=\"text\" name=\"your-name\" \/><\/span>\n\t\t<\/p>\n\t<\/div>\n\t<div class=\"input-wrapper col-4\">\n\t\t<p><span class=\"wpcf7-form-control-wrap\" data-name=\"your-email\"><input size=\"40\" maxlength=\"400\" class=\"wpcf7-form-control wpcf7-email wpcf7-validates-as-required wpcf7-text wpcf7-validates-as-email\" aria-required=\"true\" aria-invalid=\"false\" placeholder=\"Email*\" value=\"\" type=\"email\" name=\"your-email\" \/><\/span>\n\t\t<\/p>\n\t<\/div>\n\t<div class=\"input-wrapper col-4\">\n\t\t<p><span class=\"wpcf7-form-control-wrap\" data-name=\"phone\"><input size=\"40\" maxlength=\"400\" class=\"wpcf7-form-control wpcf7-text\" aria-invalid=\"false\" placeholder=\"Phone\" value=\"\" type=\"text\" name=\"phone\" \/><\/span>\n\t\t<\/p>\n\t<\/div>\n<\/div>\n<div class=\"form-row\">\n\t<div class=\"input-wrapper col-12\">\n\t\t<p><span class=\"wpcf7-form-control-wrap\" data-name=\"message\"><textarea cols=\"40\" rows=\"10\" maxlength=\"2000\" class=\"wpcf7-form-control wpcf7-textarea\" aria-invalid=\"false\" placeholder=\"Message\" name=\"message\"><\/textarea><\/span>\n\t\t<\/p>\n\t<\/div>\n<\/div>\n<div class=\"submit-wrapper\">\n\t<p><span id=\"wpcf7-69e1912b91556-wrapper\" class=\"wpcf7-form-control-wrap email-wrap\" style=\"display:none !important; visibility:hidden !important;\"><label for=\"wpcf7-69e1912b91556-field\" class=\"hp-message\">Please leave this field empty.<\/label><input id=\"wpcf7-69e1912b91556-field\"  class=\"wpcf7-form-control wpcf7-text\" type=\"text\" name=\"email\" value=\"\" size=\"40\" tabindex=\"-1\" autocomplete=\"new-password\" \/><\/span><br \/>\n<input class=\"wpcf7-form-control wpcf7-submit has-spinner\" type=\"submit\" value=\"Submit\" \/>\n\t<\/p>\n<\/div><div class=\"wpcf7-response-output\" aria-hidden=\"true\"><\/div>\n<\/form>\n<\/div>\n    <\/div>\n<\/div>\n\n\n\n\n\n<div style=\"height:90px\" aria-hidden=\"true\" class=\"wp-block-spacer\"><\/div>\n<\/div><\/div>\n<\/div><\/div><div class=\"svg-parallax\"><div class=\"svg-element animate__fadeIn toAnimate anim-delay\"><\/div><\/div><\/div><\/div>\n\n\n<section class=\"google-map\">\n    <div id=\"map-block_ac80c1ab6001a7905a0c75623228e916\" class=\"map\" data-address=\"{&quot;address&quot;:&quot;444 Boulevard de l&#039;H\\u00f4pital, Gatineau, Qu\\u00e9bec J8T 7X6, Canada&quot;,&quot;lat&quot;:45.49113799999999940837369649671018123626708984375,&quot;lng&quot;:-75.6874360999999993282472132705152034759521484375,&quot;zoom&quot;:14,&quot;place_id&quot;:&quot;ChIJ63Q9JnMbzkwRu8EbjkWjFvE&quot;,&quot;name&quot;:&quot;444 Bd de l&#039;H\\u00f4pital&quot;,&quot;street_number&quot;:&quot;444&quot;,&quot;street_name&quot;:&quot;Boulevard de l&#039;H\\u00f4pital&quot;,&quot;street_name_short&quot;:&quot;Bd de l&#039;H\\u00f4pital&quot;,&quot;city&quot;:&quot;Gatineau&quot;,&quot;state&quot;:&quot;Qu\\u00e9bec&quot;,&quot;state_short&quot;:&quot;QC&quot;,&quot;post_code&quot;:&quot;J8T 7X6&quot;,&quot;country&quot;:&quot;Canada&quot;,&quot;country_short&quot;:&quot;CA&quot;}\"><\/div>\n<\/section>","protected":false},"excerpt":{"rendered":"<p>Our professionals All members of our team make your health, the quality of their care, and your safety a priority. From preoperative assessment to postoperative follow-up, our surgeons and our qualified team of nurses, nursing assistants and attendants are committed to meeting all of your needs.&nbsp; Henry-Servantes Gaspard \u2013 OrthopaedistWadih Youssef Matar- OrthopaedistCorey Richards \u2013 [&hellip;]<\/p>\n","protected":false},"author":1,"featured_media":0,"parent":0,"menu_order":3,"comment_status":"closed","ping_status":"closed","template":"","meta":{"_acf_changed":false,"footnotes":""},"class_list":["post-734","page","type-page","status-publish","hentry"],"acf":[],"yoast_head":"<!-- This site is optimized with the Yoast SEO plugin v24.6 - https:\/\/yoast.com\/wordpress\/plugins\/seo\/ -->\n<title>Orthopedic surgery - Centre Chirurgical 819<\/title>\n<meta name=\"description\" content=\"The Centre Chirurgical 819 has a team of healthcare professionals and surgeons specializing in cataract surgery\" \/>\n<meta name=\"robots\" content=\"index, follow, max-snippet:-1, max-image-preview:large, max-video-preview:-1\" \/>\n<link rel=\"canonical\" href=\"https:\/\/centrechirurgical819.com\/en\/\" \/>\n<meta property=\"og:locale\" content=\"en_US\" \/>\n<meta property=\"og:type\" content=\"article\" \/>\n<meta property=\"og:title\" content=\"Orthopedic surgery - Centre Chirurgical 819\" \/>\n<meta property=\"og:description\" content=\"The Centre Chirurgical 819 has a team of healthcare professionals and surgeons specializing in cataract surgery\" \/>\n<meta property=\"og:url\" content=\"https:\/\/centrechirurgical819.com\/en\/\" \/>\n<meta property=\"og:site_name\" content=\"Centre Chirurgical 819\" \/>\n<meta property=\"article:modified_time\" content=\"2025-07-28T13:20:37+00:00\" \/>\n<meta property=\"og:image\" content=\"https:\/\/centrechirurgical819.com\/wp-content\/uploads\/2021\/06\/banniere-accueil.jpg\" \/>\n\t<meta property=\"og:image:width\" content=\"1920\" \/>\n\t<meta property=\"og:image:height\" content=\"1090\" \/>\n\t<meta property=\"og:image:type\" content=\"image\/jpeg\" \/>\n<meta name=\"twitter:card\" content=\"summary_large_image\" \/>\n<meta name=\"twitter:label1\" content=\"Est. reading time\" \/>\n\t<meta name=\"twitter:data1\" content=\"3 minutes\" \/>\n<script type=\"application\/ld+json\" class=\"yoast-schema-graph\">{\"@context\":\"https:\/\/schema.org\",\"@graph\":[{\"@type\":\"WebPage\",\"@id\":\"https:\/\/centrechirurgical819.com\/en\/\",\"url\":\"https:\/\/centrechirurgical819.com\/en\/\",\"name\":\"Orthopedic surgery - Centre Chirurgical 819\",\"isPartOf\":{\"@id\":\"https:\/\/centrechirurgical819.com\/#website\"},\"primaryImageOfPage\":{\"@id\":\"https:\/\/centrechirurgical819.com\/en\/#primaryimage\"},\"image\":{\"@id\":\"https:\/\/centrechirurgical819.com\/en\/#primaryimage\"},\"thumbnailUrl\":\"https:\/\/centrechirurgical819.com\/wp-content\/uploads\/2021\/06\/banniere-accueil.jpg\",\"datePublished\":\"2021-09-09T19:30:42+00:00\",\"dateModified\":\"2025-07-28T13:20:37+00:00\",\"description\":\"The Centre Chirurgical 819 has a team of healthcare professionals and surgeons specializing in cataract surgery\",\"breadcrumb\":{\"@id\":\"https:\/\/centrechirurgical819.com\/en\/#breadcrumb\"},\"inLanguage\":\"en-US\",\"potentialAction\":[{\"@type\":\"ReadAction\",\"target\":[\"https:\/\/centrechirurgical819.com\/en\/\"]}]},{\"@type\":\"ImageObject\",\"inLanguage\":\"en-US\",\"@id\":\"https:\/\/centrechirurgical819.com\/en\/#primaryimage\",\"url\":\"https:\/\/centrechirurgical819.com\/wp-content\/uploads\/2021\/06\/banniere-accueil.jpg\",\"contentUrl\":\"https:\/\/centrechirurgical819.com\/wp-content\/uploads\/2021\/06\/banniere-accueil.jpg\"},{\"@type\":\"BreadcrumbList\",\"@id\":\"https:\/\/centrechirurgical819.com\/en\/#breadcrumb\",\"itemListElement\":[{\"@type\":\"ListItem\",\"position\":1,\"name\":\"Home\",\"item\":\"https:\/\/centrechirurgical819.com\/en\/\"},{\"@type\":\"ListItem\",\"position\":2,\"name\":\"Home\"}]},{\"@type\":\"WebSite\",\"@id\":\"https:\/\/centrechirurgical819.com\/#website\",\"url\":\"https:\/\/centrechirurgical819.com\/\",\"name\":\"Centre Chirurgical 819\",\"description\":\"Le Centre chirurgical 819 r\u00e9unit une \u00e9quipe de professionnels de la sant\u00e9 et de chirurgiens sp\u00e9cialis\u00e9s en chirurgie de la cataracte\",\"publisher\":{\"@id\":\"https:\/\/centrechirurgical819.com\/#organization\"},\"potentialAction\":[{\"@type\":\"SearchAction\",\"target\":{\"@type\":\"EntryPoint\",\"urlTemplate\":\"https:\/\/centrechirurgical819.com\/?s={search_term_string}\"},\"query-input\":{\"@type\":\"PropertyValueSpecification\",\"valueRequired\":true,\"valueName\":\"search_term_string\"}}],\"inLanguage\":\"en-US\"},{\"@type\":\"Organization\",\"@id\":\"https:\/\/centrechirurgical819.com\/#organization\",\"name\":\"Centre chirurgical 819\",\"url\":\"https:\/\/centrechirurgical819.com\/\",\"logo\":{\"@type\":\"ImageObject\",\"inLanguage\":\"en-US\",\"@id\":\"https:\/\/centrechirurgical819.com\/#\/schema\/logo\/image\/\",\"url\":\"https:\/\/centrechirurgical819.com\/wp-content\/uploads\/2021\/11\/logo.png\",\"contentUrl\":\"https:\/\/centrechirurgical819.com\/wp-content\/uploads\/2021\/11\/logo.png\",\"width\":194,\"height\":74,\"caption\":\"Centre chirurgical 819\"},\"image\":{\"@id\":\"https:\/\/centrechirurgical819.com\/#\/schema\/logo\/image\/\"}}]}<\/script>\n<!-- \/ Yoast SEO plugin. -->","yoast_head_json":{"title":"Orthopedic surgery - Centre Chirurgical 819","description":"The Centre Chirurgical 819 has a team of healthcare professionals and surgeons specializing in cataract surgery","robots":{"index":"index","follow":"follow","max-snippet":"max-snippet:-1","max-image-preview":"max-image-preview:large","max-video-preview":"max-video-preview:-1"},"canonical":"https:\/\/centrechirurgical819.com\/en\/","og_locale":"en_US","og_type":"article","og_title":"Orthopedic surgery - Centre Chirurgical 819","og_description":"The Centre Chirurgical 819 has a team of healthcare professionals and surgeons specializing in cataract surgery","og_url":"https:\/\/centrechirurgical819.com\/en\/","og_site_name":"Centre Chirurgical 819","article_modified_time":"2025-07-28T13:20:37+00:00","og_image":[{"width":1920,"height":1090,"url":"https:\/\/centrechirurgical819.com\/wp-content\/uploads\/2021\/06\/banniere-accueil.jpg","type":"image\/jpeg"}],"twitter_card":"summary_large_image","twitter_misc":{"Est. reading time":"3 minutes"},"schema":{"@context":"https:\/\/schema.org","@graph":[{"@type":"WebPage","@id":"https:\/\/centrechirurgical819.com\/en\/","url":"https:\/\/centrechirurgical819.com\/en\/","name":"Orthopedic surgery - Centre Chirurgical 819","isPartOf":{"@id":"https:\/\/centrechirurgical819.com\/#website"},"primaryImageOfPage":{"@id":"https:\/\/centrechirurgical819.com\/en\/#primaryimage"},"image":{"@id":"https:\/\/centrechirurgical819.com\/en\/#primaryimage"},"thumbnailUrl":"https:\/\/centrechirurgical819.com\/wp-content\/uploads\/2021\/06\/banniere-accueil.jpg","datePublished":"2021-09-09T19:30:42+00:00","dateModified":"2025-07-28T13:20:37+00:00","description":"The Centre Chirurgical 819 has a team of healthcare professionals and surgeons specializing in cataract surgery","breadcrumb":{"@id":"https:\/\/centrechirurgical819.com\/en\/#breadcrumb"},"inLanguage":"en-US","potentialAction":[{"@type":"ReadAction","target":["https:\/\/centrechirurgical819.com\/en\/"]}]},{"@type":"ImageObject","inLanguage":"en-US","@id":"https:\/\/centrechirurgical819.com\/en\/#primaryimage","url":"https:\/\/centrechirurgical819.com\/wp-content\/uploads\/2021\/06\/banniere-accueil.jpg","contentUrl":"https:\/\/centrechirurgical819.com\/wp-content\/uploads\/2021\/06\/banniere-accueil.jpg"},{"@type":"BreadcrumbList","@id":"https:\/\/centrechirurgical819.com\/en\/#breadcrumb","itemListElement":[{"@type":"ListItem","position":1,"name":"Home","item":"https:\/\/centrechirurgical819.com\/en\/"},{"@type":"ListItem","position":2,"name":"Home"}]},{"@type":"WebSite","@id":"https:\/\/centrechirurgical819.com\/#website","url":"https:\/\/centrechirurgical819.com\/","name":"Centre Chirurgical 819","description":"Le Centre chirurgical 819 r\u00e9unit une \u00e9quipe de professionnels de la sant\u00e9 et de chirurgiens sp\u00e9cialis\u00e9s en chirurgie de la cataracte","publisher":{"@id":"https:\/\/centrechirurgical819.com\/#organization"},"potentialAction":[{"@type":"SearchAction","target":{"@type":"EntryPoint","urlTemplate":"https:\/\/centrechirurgical819.com\/?s={search_term_string}"},"query-input":{"@type":"PropertyValueSpecification","valueRequired":true,"valueName":"search_term_string"}}],"inLanguage":"en-US"},{"@type":"Organization","@id":"https:\/\/centrechirurgical819.com\/#organization","name":"Centre chirurgical 819","url":"https:\/\/centrechirurgical819.com\/","logo":{"@type":"ImageObject","inLanguage":"en-US","@id":"https:\/\/centrechirurgical819.com\/#\/schema\/logo\/image\/","url":"https:\/\/centrechirurgical819.com\/wp-content\/uploads\/2021\/11\/logo.png","contentUrl":"https:\/\/centrechirurgical819.com\/wp-content\/uploads\/2021\/11\/logo.png","width":194,"height":74,"caption":"Centre chirurgical 819"},"image":{"@id":"https:\/\/centrechirurgical819.com\/#\/schema\/logo\/image\/"}}]}},"_links":{"self":[{"href":"https:\/\/centrechirurgical819.com\/en\/wp-json\/wp\/v2\/pages\/734","targetHints":{"allow":["GET"]}}],"collection":[{"href":"https:\/\/centrechirurgical819.com\/en\/wp-json\/wp\/v2\/pages"}],"about":[{"href":"https:\/\/centrechirurgical819.com\/en\/wp-json\/wp\/v2\/types\/page"}],"author":[{"embeddable":true,"href":"https:\/\/centrechirurgical819.com\/en\/wp-json\/wp\/v2\/users\/1"}],"replies":[{"embeddable":true,"href":"https:\/\/centrechirurgical819.com\/en\/wp-json\/wp\/v2\/comments?post=734"}],"version-history":[{"count":59,"href":"https:\/\/centrechirurgical819.com\/en\/wp-json\/wp\/v2\/pages\/734\/revisions"}],"predecessor-version":[{"id":1219,"href":"https:\/\/centrechirurgical819.com\/en\/wp-json\/wp\/v2\/pages\/734\/revisions\/1219"}],"wp:attachment":[{"href":"https:\/\/centrechirurgical819.com\/en\/wp-json\/wp\/v2\/media?parent=734"}],"curies":[{"name":"wp","href":"https:\/\/api.w.org\/{rel}","templated":true}]}}