{"id":736,"date":"2021-09-09T19:31:05","date_gmt":"2021-09-09T19:31:05","guid":{"rendered":"https:\/\/centrechirurgical819.com\/?page_id=736"},"modified":"2025-07-28T09:29:54","modified_gmt":"2025-07-28T13:29:54","slug":"about","status":"publish","type":"page","link":"https:\/\/centrechirurgical819.com\/en\/about\/","title":{"rendered":"About"},"content":{"rendered":"\n<div class=\"width-bg-icon bg-white\"><div class=\"wp-block-group alignwide\">\n<div class=\"wp-block-group like-card\"><div class=\"wp-block-group__inner-container is-layout-flow wp-block-group-is-layout-flow\"><div class=\"wp-block-group__inner-container is-layout-flow wp-block-group-is-layout-flow\">\n<div style=\"height:70px\" aria-hidden=\"true\" class=\"wp-block-spacer\"><\/div>\n\n\n\n<h2 class=\"wp-block-heading has-text-align-center has-color-2-color has-text-color animate__fadeIn toAnimate\">The Centre chirurgical 819<\/h2>\n\n\n<div class=\"wp-block-image\">\n<figure class=\"aligncenter size-large animate__fadeIn toAnimate\"><img loading=\"lazy\" decoding=\"async\" width=\"26\" height=\"20\" src=\"https:\/\/centrechirurgical819.com\/wp-content\/uploads\/2021\/07\/coeur2.png\" alt=\"\" class=\"wp-image-355\"\/><\/figure>\n<\/div>\n\n\n<div style=\"height:30px\" aria-hidden=\"true\" class=\"wp-block-spacer\"><\/div>\n\n\n\n<p class=\"has-text-align-center animate__fadeIn toAnimate smaller-with \"><strong><span class=\"has-inline-color has-color-3-color\">The Centre chirurgical 819<\/span> <\/strong>offers the population of the greater Outaouais region high-quality orthopaedic surgery services. At the forefront of the latest technologies and advances in our specialization, we offer each and every one of our patients an adapted care environment, modern facilities and state-of-the-art care.<\/p>\n\n\n\n<p class=\"has-text-align-center animate__fadeIn toAnimate smaller-with \">All our operations are affiliated with the CISSS de l&#8217;Outaouais.<\/p>\n\n\n\n<div style=\"height:50px\" aria-hidden=\"true\" class=\"wp-block-spacer\"><\/div>\n\n\n\n<div class=\"wp-block-columns col3-images is-layout-flex wp-container-core-columns-is-layout-9d6595d7 wp-block-columns-is-layout-flex\">\n<div class=\"wp-block-column animate__fadeInLeft toAnimate is-layout-flow wp-block-column-is-layout-flow\">\n<figure class=\"wp-block-image size-large\"><img loading=\"lazy\" decoding=\"async\" width=\"1024\" height=\"683\" src=\"https:\/\/centrechirurgical819.com\/wp-content\/uploads\/2025\/06\/pexels-shkrabaanthony-5215006-1024x683.jpg\" alt=\"\" class=\"wp-image-1188\" srcset=\"https:\/\/centrechirurgical819.com\/wp-content\/uploads\/2025\/06\/pexels-shkrabaanthony-5215006-1024x683.jpg 1024w, https:\/\/centrechirurgical819.com\/wp-content\/uploads\/2025\/06\/pexels-shkrabaanthony-5215006-300x200.jpg 300w, https:\/\/centrechirurgical819.com\/wp-content\/uploads\/2025\/06\/pexels-shkrabaanthony-5215006-768x512.jpg 768w, https:\/\/centrechirurgical819.com\/wp-content\/uploads\/2025\/06\/pexels-shkrabaanthony-5215006-1536x1024.jpg 1536w, https:\/\/centrechirurgical819.com\/wp-content\/uploads\/2025\/06\/pexels-shkrabaanthony-5215006.jpg 1620w\" sizes=\"auto, (max-width: 1024px) 100vw, 1024px\" \/><\/figure>\n<\/div>\n\n\n\n<div class=\"wp-block-column animate__fadeIn toAnimate is-layout-flow wp-block-column-is-layout-flow\">\n<figure class=\"wp-block-image size-large animate__fadeIn toAnimate\"><img loading=\"lazy\" decoding=\"async\" width=\"683\" height=\"1024\" src=\"https:\/\/centrechirurgical819.com\/wp-content\/uploads\/2025\/06\/pexels-karolina-grabowska-4506111-683x1024.jpg\" alt=\"\" class=\"wp-image-1192\" srcset=\"https:\/\/centrechirurgical819.com\/wp-content\/uploads\/2025\/06\/pexels-karolina-grabowska-4506111-683x1024.jpg 683w, https:\/\/centrechirurgical819.com\/wp-content\/uploads\/2025\/06\/pexels-karolina-grabowska-4506111-200x300.jpg 200w, https:\/\/centrechirurgical819.com\/wp-content\/uploads\/2025\/06\/pexels-karolina-grabowska-4506111-768x1152.jpg 768w, https:\/\/centrechirurgical819.com\/wp-content\/uploads\/2025\/06\/pexels-karolina-grabowska-4506111-1024x1536.jpg 1024w, https:\/\/centrechirurgical819.com\/wp-content\/uploads\/2025\/06\/pexels-karolina-grabowska-4506111.jpg 1080w\" sizes=\"auto, (max-width: 683px) 100vw, 683px\" \/><\/figure>\n<\/div>\n\n\n\n<div class=\"wp-block-column animate__fadeInRight toAnimate is-layout-flow wp-block-column-is-layout-flow\">\n<figure class=\"wp-block-image size-large\"><img loading=\"lazy\" decoding=\"async\" width=\"681\" height=\"1024\" src=\"https:\/\/centrechirurgical819.com\/wp-content\/uploads\/2025\/06\/pexels-pixabay-263337-681x1024.jpg\" alt=\"\" class=\"wp-image-1186\" srcset=\"https:\/\/centrechirurgical819.com\/wp-content\/uploads\/2025\/06\/pexels-pixabay-263337-681x1024.jpg 681w, https:\/\/centrechirurgical819.com\/wp-content\/uploads\/2025\/06\/pexels-pixabay-263337-200x300.jpg 200w, https:\/\/centrechirurgical819.com\/wp-content\/uploads\/2025\/06\/pexels-pixabay-263337-768x1154.jpg 768w, https:\/\/centrechirurgical819.com\/wp-content\/uploads\/2025\/06\/pexels-pixabay-263337-1022x1536.jpg 1022w, https:\/\/centrechirurgical819.com\/wp-content\/uploads\/2025\/06\/pexels-pixabay-263337.jpg 1080w\" sizes=\"auto, (max-width: 681px) 100vw, 681px\" \/><\/figure>\n<\/div>\n<\/div>\n<\/div><\/div>\n<\/div><div class=\"pos-right svg-parallax\"><div class=\"svg-element animate__fadeIn toAnimate\"><\/div><\/div><\/div><\/div>\n\n\n\n<div class=\"wp-block-group has-color-5-color has-color-2-background-color has-text-color has-background\"><div class=\"wp-block-group__inner-container is-layout-flow wp-block-group-is-layout-flow\">\n<div class=\"wp-block-group\"><div class=\"wp-block-group__inner-container is-layout-flow wp-block-group-is-layout-flow\">\n<div style=\"height:70px\" aria-hidden=\"true\" class=\"wp-block-spacer\"><\/div>\n\n\n\n<h3 class=\"wp-block-heading has-text-align-center animate__fadeIn toAnimate\">Focused on excellence<\/h3>\n\n\n\n<div style=\"height:35px\" aria-hidden=\"true\" class=\"wp-block-spacer\"><\/div>\n<\/div><\/div>\n<\/div><\/div>\n\n\n\n<div class=\"wp-block-group\"><div class=\"wp-block-group__inner-container is-layout-flow wp-block-group-is-layout-flow\">\n<div style=\"height:80px\" aria-hidden=\"true\" class=\"wp-block-spacer\"><\/div>\n\n\n\n<h2 class=\"wp-block-heading has-text-align-center has-color-2-color has-text-color animate__fadeIn toAnimate\">Our <span class=\"has-inline-color has-color-1-color\">values<\/span><\/h2>\n\n\n\n<div class=\"wp-block-columns col-like-card is-layout-flex wp-container-core-columns-is-layout-9d6595d7 wp-block-columns-is-layout-flex\">\n<div class=\"wp-block-column animate__fadeIn toAnimate is-layout-flow wp-block-column-is-layout-flow\">\n<div style=\"height:50px\" aria-hidden=\"true\" class=\"wp-block-spacer\"><\/div>\n\n\n\n<h5 class=\"wp-block-heading has-text-align-center has-color-2-color has-text-color\">Quality and safety of care<\/h5>\n\n\n\n<div style=\"height:50px\" aria-hidden=\"true\" class=\"wp-block-spacer\"><\/div>\n<\/div>\n\n\n\n<div class=\"wp-block-column animate__fadeIn toAnimate is-layout-flow wp-block-column-is-layout-flow\">\n<div style=\"height:50px\" aria-hidden=\"true\" class=\"wp-block-spacer\"><\/div>\n\n\n\n<h5 class=\"wp-block-heading has-text-align-center has-color-2-color has-text-color\">Customer well-being and satisfaction<\/h5>\n\n\n\n<div style=\"height:50px\" aria-hidden=\"true\" class=\"wp-block-spacer\"><\/div>\n<\/div>\n\n\n\n<div class=\"wp-block-column animate__fadeIn toAnimate is-layout-flow wp-block-column-is-layout-flow\">\n<div style=\"height:50px\" aria-hidden=\"true\" class=\"wp-block-spacer\"><\/div>\n\n\n\n<h5 class=\"wp-block-heading has-text-align-center has-color-2-color has-text-color\">Respect.<\/h5>\n\n\n\n<div style=\"height:50px\" aria-hidden=\"true\" class=\"wp-block-spacer\"><\/div>\n<\/div>\n\n\n\n<div class=\"wp-block-column animate__fadeIn toAnimate is-layout-flow wp-block-column-is-layout-flow\">\n<div style=\"height:50px\" aria-hidden=\"true\" class=\"wp-block-spacer\"><\/div>\n\n\n\n<h5 class=\"wp-block-heading has-text-align-center has-color-2-color has-text-color\">Teamwork and innovation.<\/h5>\n\n\n\n<div style=\"height:50px\" aria-hidden=\"true\" class=\"wp-block-spacer\"><\/div>\n<\/div>\n<\/div>\n\n\n\n<div style=\"height:30px\" aria-hidden=\"true\" class=\"wp-block-spacer\"><\/div>\n\n\n<div class=\"wp-block-image\">\n<figure class=\"aligncenter size-large animate__fadeIn toAnimate\"><img loading=\"lazy\" decoding=\"async\" width=\"49\" height=\"57\" src=\"https:\/\/centrechirurgical819.com\/wp-content\/uploads\/2021\/07\/cc819.png\" alt=\"\" class=\"wp-image-403\"\/><\/figure>\n<\/div>\n\n\n<div style=\"height:20px\" aria-hidden=\"true\" class=\"wp-block-spacer\"><\/div>\n<\/div><\/div>\n\n\n\n<div class=\"width-bg-icon higher-pos\"><div class=\"wp-block-group alignfull bg-blue-gradient \"><div class=\"wp-block-group__inner-container is-layout-flow wp-block-group-is-layout-flow\">\n<div class=\"wp-block-group\"><div class=\"wp-block-group__inner-container\"><div class=\"wp-block-group__inner-container is-layout-flow wp-block-group-is-layout-flow\">\n<div style=\"height:100px\" aria-hidden=\"true\" class=\"wp-block-spacer\"><\/div>\n\n\n\n<h2 class=\"has-text-align-center animate__fadeIn toAnimate wp-block-heading\">CONTACT US<\/h2>\n\n\n\n<p class=\"has-text-align-center animate__fadeIn toAnimate style-tel-link \">Call<br><strong><a href=\"tel:819-525-3250\">819-525-3250<\/a><\/strong><br>to reach a member of our team.<br>You can also complete the following form and we will contact you shortly.<\/p>\n\n\n\n<div style=\"height:27px\" aria-hidden=\"true\" class=\"wp-block-spacer\"><\/div>\n\n\n<div class=\"contact-form animate__fadeIn toAnimate\">\n    <div id=\"contact-form-block_60e47940164da\" class=\"cf7-wrapper\">\n    \n<div class=\"wpcf7 no-js\" id=\"wpcf7-f914-o1\" lang=\"fr-CA\" dir=\"ltr\" data-wpcf7-id=\"914\">\n<div class=\"screen-reader-response\"><p role=\"status\" aria-live=\"polite\" aria-atomic=\"true\"><\/p> <ul><\/ul><\/div>\n<form action=\"\/en\/wp-json\/wp\/v2\/pages\/736#wpcf7-f914-o1\" method=\"post\" class=\"wpcf7-form init\" aria-label=\"Contact form\" novalidate=\"novalidate\" data-status=\"init\">\n<div style=\"display: none;\">\n<input type=\"hidden\" name=\"_wpcf7\" value=\"914\" \/>\n<input type=\"hidden\" name=\"_wpcf7_version\" value=\"6.0.5\" \/>\n<input type=\"hidden\" name=\"_wpcf7_locale\" value=\"fr_CA\" \/>\n<input type=\"hidden\" name=\"_wpcf7_unit_tag\" value=\"wpcf7-f914-o1\" \/>\n<input type=\"hidden\" name=\"_wpcf7_container_post\" value=\"0\" \/>\n<input type=\"hidden\" name=\"_wpcf7_posted_data_hash\" value=\"\" \/>\n<input type=\"hidden\" name=\"_wpcf7_recaptcha_response\" value=\"\" \/>\n<\/div>\n<div class=\"form-row\">\n\t<div class=\"input-wrapper col-4\">\n\t\t<p><span class=\"wpcf7-form-control-wrap\" data-name=\"your-name\"><input size=\"40\" maxlength=\"400\" class=\"wpcf7-form-control wpcf7-text wpcf7-validates-as-required\" aria-required=\"true\" aria-invalid=\"false\" placeholder=\"First and last name*\" value=\"\" type=\"text\" name=\"your-name\" \/><\/span>\n\t\t<\/p>\n\t<\/div>\n\t<div class=\"input-wrapper col-4\">\n\t\t<p><span class=\"wpcf7-form-control-wrap\" data-name=\"your-email\"><input size=\"40\" maxlength=\"400\" class=\"wpcf7-form-control wpcf7-email wpcf7-validates-as-required wpcf7-text wpcf7-validates-as-email\" aria-required=\"true\" aria-invalid=\"false\" placeholder=\"Email*\" value=\"\" type=\"email\" name=\"your-email\" \/><\/span>\n\t\t<\/p>\n\t<\/div>\n\t<div class=\"input-wrapper col-4\">\n\t\t<p><span class=\"wpcf7-form-control-wrap\" data-name=\"phone\"><input size=\"40\" maxlength=\"400\" class=\"wpcf7-form-control wpcf7-text\" aria-invalid=\"false\" placeholder=\"Phone\" value=\"\" type=\"text\" name=\"phone\" \/><\/span>\n\t\t<\/p>\n\t<\/div>\n<\/div>\n<div class=\"form-row\">\n\t<div class=\"input-wrapper col-12\">\n\t\t<p><span class=\"wpcf7-form-control-wrap\" data-name=\"message\"><textarea cols=\"40\" rows=\"10\" maxlength=\"2000\" class=\"wpcf7-form-control wpcf7-textarea\" aria-invalid=\"false\" placeholder=\"Message\" name=\"message\"><\/textarea><\/span>\n\t\t<\/p>\n\t<\/div>\n<\/div>\n<div class=\"submit-wrapper\">\n\t<p><span id=\"wpcf7-69f39a6f49d6a-wrapper\" class=\"wpcf7-form-control-wrap email-wrap\" style=\"display:none !important; visibility:hidden !important;\"><label for=\"wpcf7-69f39a6f49d6a-field\" class=\"hp-message\">Please leave this field empty.<\/label><input id=\"wpcf7-69f39a6f49d6a-field\"  class=\"wpcf7-form-control wpcf7-text\" type=\"text\" name=\"email\" value=\"\" size=\"40\" tabindex=\"-1\" autocomplete=\"new-password\" \/><\/span><br \/>\n<input class=\"wpcf7-form-control wpcf7-submit has-spinner\" type=\"submit\" value=\"Submit\" \/>\n\t<\/p>\n<\/div><div class=\"wpcf7-response-output\" aria-hidden=\"true\"><\/div>\n<\/form>\n<\/div>\n    <\/div>\n<\/div>\n\n\n\n\n\n<div style=\"height:90px\" aria-hidden=\"true\" class=\"wp-block-spacer\"><\/div>\n<\/div><\/div>\n<\/div><\/div><div class=\"svg-parallax\"><div class=\"svg-element animate__fadeIn toAnimate anim-delay\"><\/div><\/div><\/div><\/div>\n\n\n<section class=\"google-map\">\n    <div id=\"map-block_1a7aeefca23c388d827e431f2602b023\" class=\"map\" data-address=\"{&quot;address&quot;:&quot;444 Boulevard de l&#039;H\\u00f4pital, Gatineau, Qu\\u00e9bec J8T 7X6, Canada&quot;,&quot;lat&quot;:45.49113799999999940837369649671018123626708984375,&quot;lng&quot;:-75.6874360999999993282472132705152034759521484375,&quot;zoom&quot;:14,&quot;place_id&quot;:&quot;ChIJ63Q9JnMbzkwRu8EbjkWjFvE&quot;,&quot;name&quot;:&quot;444 Bd de l&#039;H\\u00f4pital&quot;,&quot;street_number&quot;:&quot;444&quot;,&quot;street_name&quot;:&quot;Boulevard de l&#039;H\\u00f4pital&quot;,&quot;street_name_short&quot;:&quot;Bd de l&#039;H\\u00f4pital&quot;,&quot;city&quot;:&quot;Gatineau&quot;,&quot;state&quot;:&quot;Qu\\u00e9bec&quot;,&quot;state_short&quot;:&quot;QC&quot;,&quot;post_code&quot;:&quot;J8T 7X6&quot;,&quot;country&quot;:&quot;Canada&quot;,&quot;country_short&quot;:&quot;CA&quot;}\"><\/div>\n<\/section>","protected":false},"excerpt":{"rendered":"<p>The Centre chirurgical 819 The Centre chirurgical 819 offers the population of the greater Outaouais region high-quality orthopaedic surgery services. At the forefront of the latest technologies and advances in our specialization, we offer each and every one of our patients an adapted care environment, modern facilities and state-of-the-art care. All our operations are affiliated [&hellip;]<\/p>\n","protected":false},"author":1,"featured_media":0,"parent":0,"menu_order":6,"comment_status":"closed","ping_status":"closed","template":"","meta":{"_acf_changed":false,"footnotes":""},"class_list":["post-736","page","type-page","status-publish","hentry"],"acf":[],"yoast_head":"<!-- This site is optimized with the Yoast SEO plugin v24.6 - https:\/\/yoast.com\/wordpress\/plugins\/seo\/ -->\n<title>Chirurgie Orthop\u00e9dique - Centre Chirurgical 819<\/title>\n<meta name=\"description\" content=\"The Centre chirurgical 819 provides the population of the greater Outaouais region with high-quality cataract surgery services.\" \/>\n<meta name=\"robots\" content=\"index, follow, max-snippet:-1, max-image-preview:large, max-video-preview:-1\" \/>\n<link rel=\"canonical\" href=\"https:\/\/centrechirurgical819.com\/en\/about\/\" \/>\n<meta property=\"og:locale\" content=\"en_US\" \/>\n<meta property=\"og:type\" content=\"article\" \/>\n<meta property=\"og:title\" content=\"Chirurgie Orthop\u00e9dique - Centre Chirurgical 819\" \/>\n<meta property=\"og:description\" content=\"The Centre chirurgical 819 provides the population of the greater Outaouais region with high-quality cataract surgery services.\" \/>\n<meta property=\"og:url\" content=\"https:\/\/centrechirurgical819.com\/en\/about\/\" \/>\n<meta property=\"og:site_name\" content=\"Centre Chirurgical 819\" \/>\n<meta property=\"article:modified_time\" content=\"2025-07-28T13:29:54+00:00\" \/>\n<meta property=\"og:image\" content=\"https:\/\/centrechirurgical819.com\/wp-content\/uploads\/2021\/07\/coeur2.png\" \/>\n\t<meta property=\"og:image:width\" content=\"26\" \/>\n\t<meta property=\"og:image:height\" content=\"20\" \/>\n\t<meta property=\"og:image:type\" content=\"image\/png\" \/>\n<meta name=\"twitter:card\" content=\"summary_large_image\" \/>\n<meta name=\"twitter:label1\" content=\"Est. reading time\" \/>\n\t<meta name=\"twitter:data1\" content=\"2 minutes\" \/>\n<script type=\"application\/ld+json\" class=\"yoast-schema-graph\">{\"@context\":\"https:\/\/schema.org\",\"@graph\":[{\"@type\":\"WebPage\",\"@id\":\"https:\/\/centrechirurgical819.com\/en\/about\/\",\"url\":\"https:\/\/centrechirurgical819.com\/en\/about\/\",\"name\":\"Chirurgie Orthop\u00e9dique - Centre Chirurgical 819\",\"isPartOf\":{\"@id\":\"https:\/\/centrechirurgical819.com\/#website\"},\"primaryImageOfPage\":{\"@id\":\"https:\/\/centrechirurgical819.com\/en\/about\/#primaryimage\"},\"image\":{\"@id\":\"https:\/\/centrechirurgical819.com\/en\/about\/#primaryimage\"},\"thumbnailUrl\":\"https:\/\/centrechirurgical819.com\/wp-content\/uploads\/2021\/07\/coeur2.png\",\"datePublished\":\"2021-09-09T19:31:05+00:00\",\"dateModified\":\"2025-07-28T13:29:54+00:00\",\"description\":\"The Centre chirurgical 819 provides the population of the greater Outaouais region with high-quality cataract surgery services.\",\"breadcrumb\":{\"@id\":\"https:\/\/centrechirurgical819.com\/en\/about\/#breadcrumb\"},\"inLanguage\":\"en-US\",\"potentialAction\":[{\"@type\":\"ReadAction\",\"target\":[\"https:\/\/centrechirurgical819.com\/en\/about\/\"]}]},{\"@type\":\"ImageObject\",\"inLanguage\":\"en-US\",\"@id\":\"https:\/\/centrechirurgical819.com\/en\/about\/#primaryimage\",\"url\":\"https:\/\/centrechirurgical819.com\/wp-content\/uploads\/2021\/07\/coeur2.png\",\"contentUrl\":\"https:\/\/centrechirurgical819.com\/wp-content\/uploads\/2021\/07\/coeur2.png\"},{\"@type\":\"BreadcrumbList\",\"@id\":\"https:\/\/centrechirurgical819.com\/en\/about\/#breadcrumb\",\"itemListElement\":[{\"@type\":\"ListItem\",\"position\":1,\"name\":\"Home\",\"item\":\"https:\/\/centrechirurgical819.com\/en\/\"},{\"@type\":\"ListItem\",\"position\":2,\"name\":\"About\"}]},{\"@type\":\"WebSite\",\"@id\":\"https:\/\/centrechirurgical819.com\/#website\",\"url\":\"https:\/\/centrechirurgical819.com\/\",\"name\":\"Centre Chirurgical 819\",\"description\":\"Le Centre chirurgical 819 r\u00e9unit une \u00e9quipe de professionnels de la sant\u00e9 et de chirurgiens sp\u00e9cialis\u00e9s en chirurgie de la cataracte\",\"publisher\":{\"@id\":\"https:\/\/centrechirurgical819.com\/#organization\"},\"potentialAction\":[{\"@type\":\"SearchAction\",\"target\":{\"@type\":\"EntryPoint\",\"urlTemplate\":\"https:\/\/centrechirurgical819.com\/?s={search_term_string}\"},\"query-input\":{\"@type\":\"PropertyValueSpecification\",\"valueRequired\":true,\"valueName\":\"search_term_string\"}}],\"inLanguage\":\"en-US\"},{\"@type\":\"Organization\",\"@id\":\"https:\/\/centrechirurgical819.com\/#organization\",\"name\":\"Centre chirurgical 819\",\"url\":\"https:\/\/centrechirurgical819.com\/\",\"logo\":{\"@type\":\"ImageObject\",\"inLanguage\":\"en-US\",\"@id\":\"https:\/\/centrechirurgical819.com\/#\/schema\/logo\/image\/\",\"url\":\"https:\/\/centrechirurgical819.com\/wp-content\/uploads\/2021\/11\/logo.png\",\"contentUrl\":\"https:\/\/centrechirurgical819.com\/wp-content\/uploads\/2021\/11\/logo.png\",\"width\":194,\"height\":74,\"caption\":\"Centre chirurgical 819\"},\"image\":{\"@id\":\"https:\/\/centrechirurgical819.com\/#\/schema\/logo\/image\/\"}}]}<\/script>\n<!-- \/ Yoast SEO plugin. -->","yoast_head_json":{"title":"Chirurgie Orthop\u00e9dique - Centre Chirurgical 819","description":"The Centre chirurgical 819 provides the population of the greater Outaouais region with high-quality cataract surgery services.","robots":{"index":"index","follow":"follow","max-snippet":"max-snippet:-1","max-image-preview":"max-image-preview:large","max-video-preview":"max-video-preview:-1"},"canonical":"https:\/\/centrechirurgical819.com\/en\/about\/","og_locale":"en_US","og_type":"article","og_title":"Chirurgie Orthop\u00e9dique - Centre Chirurgical 819","og_description":"The Centre chirurgical 819 provides the population of the greater Outaouais region with high-quality cataract surgery services.","og_url":"https:\/\/centrechirurgical819.com\/en\/about\/","og_site_name":"Centre Chirurgical 819","article_modified_time":"2025-07-28T13:29:54+00:00","og_image":[{"width":26,"height":20,"url":"https:\/\/centrechirurgical819.com\/wp-content\/uploads\/2021\/07\/coeur2.png","type":"image\/png"}],"twitter_card":"summary_large_image","twitter_misc":{"Est. reading time":"2 minutes"},"schema":{"@context":"https:\/\/schema.org","@graph":[{"@type":"WebPage","@id":"https:\/\/centrechirurgical819.com\/en\/about\/","url":"https:\/\/centrechirurgical819.com\/en\/about\/","name":"Chirurgie Orthop\u00e9dique - Centre Chirurgical 819","isPartOf":{"@id":"https:\/\/centrechirurgical819.com\/#website"},"primaryImageOfPage":{"@id":"https:\/\/centrechirurgical819.com\/en\/about\/#primaryimage"},"image":{"@id":"https:\/\/centrechirurgical819.com\/en\/about\/#primaryimage"},"thumbnailUrl":"https:\/\/centrechirurgical819.com\/wp-content\/uploads\/2021\/07\/coeur2.png","datePublished":"2021-09-09T19:31:05+00:00","dateModified":"2025-07-28T13:29:54+00:00","description":"The Centre chirurgical 819 provides the population of the greater Outaouais region with high-quality cataract surgery services.","breadcrumb":{"@id":"https:\/\/centrechirurgical819.com\/en\/about\/#breadcrumb"},"inLanguage":"en-US","potentialAction":[{"@type":"ReadAction","target":["https:\/\/centrechirurgical819.com\/en\/about\/"]}]},{"@type":"ImageObject","inLanguage":"en-US","@id":"https:\/\/centrechirurgical819.com\/en\/about\/#primaryimage","url":"https:\/\/centrechirurgical819.com\/wp-content\/uploads\/2021\/07\/coeur2.png","contentUrl":"https:\/\/centrechirurgical819.com\/wp-content\/uploads\/2021\/07\/coeur2.png"},{"@type":"BreadcrumbList","@id":"https:\/\/centrechirurgical819.com\/en\/about\/#breadcrumb","itemListElement":[{"@type":"ListItem","position":1,"name":"Home","item":"https:\/\/centrechirurgical819.com\/en\/"},{"@type":"ListItem","position":2,"name":"About"}]},{"@type":"WebSite","@id":"https:\/\/centrechirurgical819.com\/#website","url":"https:\/\/centrechirurgical819.com\/","name":"Centre Chirurgical 819","description":"Le Centre chirurgical 819 r\u00e9unit une \u00e9quipe de professionnels de la sant\u00e9 et de chirurgiens sp\u00e9cialis\u00e9s en chirurgie de la cataracte","publisher":{"@id":"https:\/\/centrechirurgical819.com\/#organization"},"potentialAction":[{"@type":"SearchAction","target":{"@type":"EntryPoint","urlTemplate":"https:\/\/centrechirurgical819.com\/?s={search_term_string}"},"query-input":{"@type":"PropertyValueSpecification","valueRequired":true,"valueName":"search_term_string"}}],"inLanguage":"en-US"},{"@type":"Organization","@id":"https:\/\/centrechirurgical819.com\/#organization","name":"Centre chirurgical 819","url":"https:\/\/centrechirurgical819.com\/","logo":{"@type":"ImageObject","inLanguage":"en-US","@id":"https:\/\/centrechirurgical819.com\/#\/schema\/logo\/image\/","url":"https:\/\/centrechirurgical819.com\/wp-content\/uploads\/2021\/11\/logo.png","contentUrl":"https:\/\/centrechirurgical819.com\/wp-content\/uploads\/2021\/11\/logo.png","width":194,"height":74,"caption":"Centre chirurgical 819"},"image":{"@id":"https:\/\/centrechirurgical819.com\/#\/schema\/logo\/image\/"}}]}},"_links":{"self":[{"href":"https:\/\/centrechirurgical819.com\/en\/wp-json\/wp\/v2\/pages\/736","targetHints":{"allow":["GET"]}}],"collection":[{"href":"https:\/\/centrechirurgical819.com\/en\/wp-json\/wp\/v2\/pages"}],"about":[{"href":"https:\/\/centrechirurgical819.com\/en\/wp-json\/wp\/v2\/types\/page"}],"author":[{"embeddable":true,"href":"https:\/\/centrechirurgical819.com\/en\/wp-json\/wp\/v2\/users\/1"}],"replies":[{"embeddable":true,"href":"https:\/\/centrechirurgical819.com\/en\/wp-json\/wp\/v2\/comments?post=736"}],"version-history":[{"count":26,"href":"https:\/\/centrechirurgical819.com\/en\/wp-json\/wp\/v2\/pages\/736\/revisions"}],"predecessor-version":[{"id":1225,"href":"https:\/\/centrechirurgical819.com\/en\/wp-json\/wp\/v2\/pages\/736\/revisions\/1225"}],"wp:attachment":[{"href":"https:\/\/centrechirurgical819.com\/en\/wp-json\/wp\/v2\/media?parent=736"}],"curies":[{"name":"wp","href":"https:\/\/api.w.org\/{rel}","templated":true}]}}