{"id":744,"date":"2021-09-09T19:34:11","date_gmt":"2021-09-09T19:34:11","guid":{"rendered":"https:\/\/centrechirurgical819.com\/?page_id=744"},"modified":"2025-06-09T16:18:37","modified_gmt":"2025-06-09T20:18:37","slug":"contact-us","status":"publish","type":"page","link":"https:\/\/centrechirurgical819.com\/en\/contact-us\/","title":{"rendered":"Contact us"},"content":{"rendered":"\n<div class=\"wp-block-group like-card\"><div class=\"wp-block-group__inner-container is-layout-flow wp-block-group-is-layout-flow\">\n<div style=\"height:80px\" aria-hidden=\"true\" class=\"wp-block-spacer\"><\/div>\n\n\n\n<h2 class=\"wp-block-heading has-text-align-center has-color-2-color has-text-color animate__fadeIn toAnimate\">We are located <\/h2>\n\n\n<div class=\"part-contact\">\n    <a data-direction=\"444 Boulevard de l'H\u00f4pital, Gatineau, Qu\u00e9bec J8T 7X6, Canada\" rel=\"noopener\" class=\"contact-address animate__fadeIn toAnimate\" href=\"http:\/\/www.google.ca\/maps\/dir\/\/444+Boulevard+de+l%27H%C3%B4pital%2C+Gatineau%2C+Qu%C3%A9bec+J8T+7X6%2C+Canada\" target=\"_blank\">\n        444 Boulevard de l&#8217;H\u00f4pital, Gatineau, Qu\u00e9bec J8T 7X6, Canada    <\/a>\n    <div class=\"grid\">\n        <a href=\"tel:819 525-3250\" class=\"bloc-element\">\n            <div class=\"content-on-image animate__fadeIn toAnimate\">\n                <i class=\"info-icon fas fa-phone\"><\/i>\n                <span class=\"phone\">819 525-3250 (toll free) <\/span>\n            <\/div>\n            <figure class=\"img-wrapper\">\n                <img loading=\"lazy\" decoding=\"async\" width=\"512\" height=\"384\" src=\"https:\/\/centrechirurgical819.com\/wp-content\/uploads\/2021\/09\/highlighted.jpg\" class=\"attachment-full size-full\" alt=\"Employ\u00e9 service \u00e0 la client\u00e8le\" srcset=\"https:\/\/centrechirurgical819.com\/wp-content\/uploads\/2021\/09\/highlighted.jpg 512w, https:\/\/centrechirurgical819.com\/wp-content\/uploads\/2021\/09\/highlighted-300x225.jpg 300w\" sizes=\"auto, (max-width: 512px) 100vw, 512px\" \/>            <\/figure>   \n        <\/a>\n        <a href=\"mailto:info@centrechirurgical819.ca\" class=\"bloc-element\">\n            <div class=\"content-on-image animate__fadeIn toAnimate\">\n                <i class=\"info-icon fas fa-envelope\"><\/i>\n                <span class=\"contactclic\">info@centrechirurgical819.ca<\/span>\n            <\/div>\n            <figure class=\"img-wrapper\">\n                <img loading=\"lazy\" decoding=\"async\" width=\"513\" height=\"385\" src=\"https:\/\/centrechirurgical819.com\/wp-content\/uploads\/2021\/09\/bg-tel.jpg\" class=\"attachment-full size-full\" alt=\"Docteur analysant des r\u00e9sultats\" srcset=\"https:\/\/centrechirurgical819.com\/wp-content\/uploads\/2021\/09\/bg-tel.jpg 513w, https:\/\/centrechirurgical819.com\/wp-content\/uploads\/2021\/09\/bg-tel-300x225.jpg 300w\" sizes=\"auto, (max-width: 513px) 100vw, 513px\" \/>            <\/figure>   \n        <\/a>\n    <\/div>\n    <div class=\"heure-ouverture-wrapper\">\n                  <h2 class=\"animate__fadeIn toAnimate\">Our opening hours are:<\/h2>\n                            <div class=\"heures-line-wrapper\">\n                                    <div class=\"element-jour animate__fadeIn toAnimate\">\n                        <span class=\"jour\">Monday to Friday:<\/span>\n                        <span class=\"heures\">6:30 am to 5:00 pm<\/span>\n                    <\/div>\n                            <\/div>\n            <\/div>\n    \n<\/div>\n\n\n<p class=\"has-text-align-center\">NO APPOINTMENT NECESSARY<\/p>\n\n\n\n<div style=\"height:50px\" aria-hidden=\"true\" class=\"wp-block-spacer\"><\/div>\n<\/div><\/div>\n\n\n\n<div class=\"wp-block-group has-color-5-color has-color-2-background-color has-text-color has-background\"><div class=\"wp-block-group__inner-container is-layout-flow wp-block-group-is-layout-flow\">\n<div class=\"wp-block-group\"><div class=\"wp-block-group__inner-container is-layout-flow wp-block-group-is-layout-flow\">\n<div style=\"height:70px\" aria-hidden=\"true\" class=\"wp-block-spacer\"><\/div>\n\n\n\n<h3 class=\"wp-block-heading has-text-align-center animate__fadeIn toAnimate\">Focused on excellence<\/h3>\n\n\n\n<div style=\"height:35px\" aria-hidden=\"true\" class=\"wp-block-spacer\"><\/div>\n<\/div><\/div>\n<\/div><\/div>\n\n\n\n<div class=\"width-bg-icon higher-pos\"><div class=\"wp-block-group alignfull bg-blue-gradient \"><div class=\"wp-block-group__inner-container is-layout-flow wp-block-group-is-layout-flow\">\n<div class=\"wp-block-group\"><div class=\"wp-block-group__inner-container\"><div class=\"wp-block-group__inner-container is-layout-flow wp-block-group-is-layout-flow\">\n<div style=\"height:100px\" aria-hidden=\"true\" class=\"wp-block-spacer\"><\/div>\n\n\n\n<h2 class=\"has-text-align-center animate__fadeIn toAnimate wp-block-heading\">CONTACT US<\/h2>\n\n\n\n<p class=\"has-text-align-center animate__fadeIn toAnimate style-tel-link \">Call<br><strong><a href=\"tel:819-525-3250\">819-525-3250<\/a><\/strong><br>to reach a member of our team.<br>You can also complete the following form and we will contact you shortly.<\/p>\n\n\n\n<div style=\"height:27px\" aria-hidden=\"true\" class=\"wp-block-spacer\"><\/div>\n\n\n<div class=\"contact-form animate__fadeIn toAnimate\">\n    <div id=\"contact-form-block_60e47940164da\" class=\"cf7-wrapper\">\n    \n<div class=\"wpcf7 no-js\" id=\"wpcf7-f914-o1\" lang=\"fr-CA\" dir=\"ltr\" data-wpcf7-id=\"914\">\n<div class=\"screen-reader-response\"><p role=\"status\" aria-live=\"polite\" aria-atomic=\"true\"><\/p> <ul><\/ul><\/div>\n<form action=\"\/en\/wp-json\/wp\/v2\/pages\/744#wpcf7-f914-o1\" method=\"post\" class=\"wpcf7-form init\" aria-label=\"Contact form\" novalidate=\"novalidate\" data-status=\"init\">\n<div style=\"display: none;\">\n<input type=\"hidden\" name=\"_wpcf7\" value=\"914\" \/>\n<input type=\"hidden\" name=\"_wpcf7_version\" value=\"6.0.5\" \/>\n<input type=\"hidden\" name=\"_wpcf7_locale\" value=\"fr_CA\" \/>\n<input type=\"hidden\" name=\"_wpcf7_unit_tag\" value=\"wpcf7-f914-o1\" \/>\n<input type=\"hidden\" name=\"_wpcf7_container_post\" value=\"0\" \/>\n<input type=\"hidden\" name=\"_wpcf7_posted_data_hash\" value=\"\" \/>\n<input type=\"hidden\" name=\"_wpcf7_recaptcha_response\" value=\"\" \/>\n<\/div>\n<div class=\"form-row\">\n\t<div class=\"input-wrapper col-4\">\n\t\t<p><span class=\"wpcf7-form-control-wrap\" data-name=\"your-name\"><input size=\"40\" maxlength=\"400\" class=\"wpcf7-form-control wpcf7-text wpcf7-validates-as-required\" aria-required=\"true\" aria-invalid=\"false\" placeholder=\"First and last name*\" value=\"\" type=\"text\" name=\"your-name\" \/><\/span>\n\t\t<\/p>\n\t<\/div>\n\t<div class=\"input-wrapper col-4\">\n\t\t<p><span class=\"wpcf7-form-control-wrap\" data-name=\"your-email\"><input size=\"40\" maxlength=\"400\" class=\"wpcf7-form-control wpcf7-email wpcf7-validates-as-required wpcf7-text wpcf7-validates-as-email\" aria-required=\"true\" aria-invalid=\"false\" placeholder=\"Email*\" value=\"\" type=\"email\" name=\"your-email\" \/><\/span>\n\t\t<\/p>\n\t<\/div>\n\t<div class=\"input-wrapper col-4\">\n\t\t<p><span class=\"wpcf7-form-control-wrap\" data-name=\"phone\"><input size=\"40\" maxlength=\"400\" class=\"wpcf7-form-control wpcf7-text\" aria-invalid=\"false\" placeholder=\"Phone\" value=\"\" type=\"text\" name=\"phone\" \/><\/span>\n\t\t<\/p>\n\t<\/div>\n<\/div>\n<div class=\"form-row\">\n\t<div class=\"input-wrapper col-12\">\n\t\t<p><span class=\"wpcf7-form-control-wrap\" data-name=\"message\"><textarea cols=\"40\" rows=\"10\" maxlength=\"2000\" class=\"wpcf7-form-control wpcf7-textarea\" aria-invalid=\"false\" placeholder=\"Message\" name=\"message\"><\/textarea><\/span>\n\t\t<\/p>\n\t<\/div>\n<\/div>\n<div class=\"submit-wrapper\">\n\t<p><span id=\"wpcf7-69e2ef62e00f7-wrapper\" class=\"wpcf7-form-control-wrap email-wrap\" style=\"display:none !important; visibility:hidden !important;\"><label for=\"wpcf7-69e2ef62e00f7-field\" class=\"hp-message\">Please leave this field empty.<\/label><input id=\"wpcf7-69e2ef62e00f7-field\"  class=\"wpcf7-form-control wpcf7-text\" type=\"text\" name=\"email\" value=\"\" size=\"40\" tabindex=\"-1\" autocomplete=\"new-password\" \/><\/span><br \/>\n<input class=\"wpcf7-form-control wpcf7-submit has-spinner\" type=\"submit\" value=\"Submit\" \/>\n\t<\/p>\n<\/div><div class=\"wpcf7-response-output\" aria-hidden=\"true\"><\/div>\n<\/form>\n<\/div>\n    <\/div>\n<\/div>\n\n\n\n\n\n<div style=\"height:90px\" aria-hidden=\"true\" class=\"wp-block-spacer\"><\/div>\n<\/div><\/div>\n<\/div><\/div><div class=\"svg-parallax\"><div class=\"svg-element animate__fadeIn toAnimate anim-delay\"><\/div><\/div><\/div><\/div>\n\n\n<section class=\"google-map\">\n    <div id=\"map-block_f3e156332dcdef68e21d9d7287109ff2\" class=\"map\" data-address=\"{&quot;address&quot;:&quot;444 Boulevard de l&#039;H\\u00f4pital, Gatineau, Qu\\u00e9bec J8T 7X6, Canada&quot;,&quot;lat&quot;:45.49113799999999940837369649671018123626708984375,&quot;lng&quot;:-75.6874360999999993282472132705152034759521484375,&quot;zoom&quot;:14,&quot;place_id&quot;:&quot;ChIJ63Q9JnMbzkwRu8EbjkWjFvE&quot;,&quot;name&quot;:&quot;444 Bd de l&#039;H\\u00f4pital&quot;,&quot;street_number&quot;:&quot;444&quot;,&quot;street_name&quot;:&quot;Boulevard de l&#039;H\\u00f4pital&quot;,&quot;street_name_short&quot;:&quot;Bd de l&#039;H\\u00f4pital&quot;,&quot;city&quot;:&quot;Gatineau&quot;,&quot;state&quot;:&quot;Qu\\u00e9bec&quot;,&quot;state_short&quot;:&quot;QC&quot;,&quot;post_code&quot;:&quot;J8T 7X6&quot;,&quot;country&quot;:&quot;Canada&quot;,&quot;country_short&quot;:&quot;CA&quot;}\"><\/div>\n<\/section>","protected":false},"excerpt":{"rendered":"<p>We are located NO APPOINTMENT NECESSARY Focused on excellence<\/p>\n","protected":false},"author":1,"featured_media":0,"parent":0,"menu_order":13,"comment_status":"closed","ping_status":"closed","template":"","meta":{"_acf_changed":false,"footnotes":""},"class_list":["post-744","page","type-page","status-publish","hentry"],"acf":[],"yoast_head":"<!-- This site is optimized with the Yoast SEO plugin v24.6 - https:\/\/yoast.com\/wordpress\/plugins\/seo\/ -->\n<title>Contact us - Centre Chirurgical 819<\/title>\n<meta name=\"description\" content=\"Located in Gatineau, you can contact our team of specialists by email or by phone at 819-525-3250\" \/>\n<meta name=\"robots\" content=\"index, follow, max-snippet:-1, max-image-preview:large, max-video-preview:-1\" \/>\n<link rel=\"canonical\" href=\"https:\/\/centrechirurgical819.com\/en\/contact-us\/\" \/>\n<meta property=\"og:locale\" content=\"en_US\" \/>\n<meta property=\"og:type\" content=\"article\" \/>\n<meta property=\"og:title\" content=\"Contact us - Centre Chirurgical 819\" \/>\n<meta property=\"og:description\" content=\"Located in Gatineau, you can contact our team of specialists by email or by phone at 819-525-3250\" \/>\n<meta property=\"og:url\" content=\"https:\/\/centrechirurgical819.com\/en\/contact-us\/\" \/>\n<meta property=\"og:site_name\" content=\"Centre Chirurgical 819\" \/>\n<meta property=\"article:modified_time\" content=\"2025-06-09T20:18:37+00:00\" \/>\n<meta property=\"og:image\" content=\"https:\/\/centrechirurgical819.com\/wp-content\/uploads\/2021\/11\/partage-fb.jpg\" \/>\n\t<meta property=\"og:image:width\" content=\"1920\" \/>\n\t<meta property=\"og:image:height\" content=\"1090\" \/>\n\t<meta property=\"og:image:type\" content=\"image\/jpeg\" \/>\n<meta name=\"twitter:card\" content=\"summary_large_image\" \/>\n<meta name=\"twitter:label1\" content=\"Est. reading time\" \/>\n\t<meta name=\"twitter:data1\" content=\"1 minute\" \/>\n<script type=\"application\/ld+json\" class=\"yoast-schema-graph\">{\"@context\":\"https:\/\/schema.org\",\"@graph\":[{\"@type\":\"WebPage\",\"@id\":\"https:\/\/centrechirurgical819.com\/en\/contact-us\/\",\"url\":\"https:\/\/centrechirurgical819.com\/en\/contact-us\/\",\"name\":\"Contact us - Centre Chirurgical 819\",\"isPartOf\":{\"@id\":\"https:\/\/centrechirurgical819.com\/#website\"},\"datePublished\":\"2021-09-09T19:34:11+00:00\",\"dateModified\":\"2025-06-09T20:18:37+00:00\",\"description\":\"Located in Gatineau, you can contact our team of specialists by email or by phone at 819-525-3250\",\"breadcrumb\":{\"@id\":\"https:\/\/centrechirurgical819.com\/en\/contact-us\/#breadcrumb\"},\"inLanguage\":\"en-US\",\"potentialAction\":[{\"@type\":\"ReadAction\",\"target\":[\"https:\/\/centrechirurgical819.com\/en\/contact-us\/\"]}]},{\"@type\":\"BreadcrumbList\",\"@id\":\"https:\/\/centrechirurgical819.com\/en\/contact-us\/#breadcrumb\",\"itemListElement\":[{\"@type\":\"ListItem\",\"position\":1,\"name\":\"Home\",\"item\":\"https:\/\/centrechirurgical819.com\/en\/\"},{\"@type\":\"ListItem\",\"position\":2,\"name\":\"Contact us\"}]},{\"@type\":\"WebSite\",\"@id\":\"https:\/\/centrechirurgical819.com\/#website\",\"url\":\"https:\/\/centrechirurgical819.com\/\",\"name\":\"Centre Chirurgical 819\",\"description\":\"Le Centre chirurgical 819 r\u00e9unit une \u00e9quipe de professionnels de la sant\u00e9 et de chirurgiens sp\u00e9cialis\u00e9s en chirurgie de la cataracte\",\"publisher\":{\"@id\":\"https:\/\/centrechirurgical819.com\/#organization\"},\"potentialAction\":[{\"@type\":\"SearchAction\",\"target\":{\"@type\":\"EntryPoint\",\"urlTemplate\":\"https:\/\/centrechirurgical819.com\/?s={search_term_string}\"},\"query-input\":{\"@type\":\"PropertyValueSpecification\",\"valueRequired\":true,\"valueName\":\"search_term_string\"}}],\"inLanguage\":\"en-US\"},{\"@type\":\"Organization\",\"@id\":\"https:\/\/centrechirurgical819.com\/#organization\",\"name\":\"Centre chirurgical 819\",\"url\":\"https:\/\/centrechirurgical819.com\/\",\"logo\":{\"@type\":\"ImageObject\",\"inLanguage\":\"en-US\",\"@id\":\"https:\/\/centrechirurgical819.com\/#\/schema\/logo\/image\/\",\"url\":\"https:\/\/centrechirurgical819.com\/wp-content\/uploads\/2021\/11\/logo.png\",\"contentUrl\":\"https:\/\/centrechirurgical819.com\/wp-content\/uploads\/2021\/11\/logo.png\",\"width\":194,\"height\":74,\"caption\":\"Centre chirurgical 819\"},\"image\":{\"@id\":\"https:\/\/centrechirurgical819.com\/#\/schema\/logo\/image\/\"}}]}<\/script>\n<!-- \/ Yoast SEO plugin. -->","yoast_head_json":{"title":"Contact us - Centre Chirurgical 819","description":"Located in Gatineau, you can contact our team of specialists by email or by phone at 819-525-3250","robots":{"index":"index","follow":"follow","max-snippet":"max-snippet:-1","max-image-preview":"max-image-preview:large","max-video-preview":"max-video-preview:-1"},"canonical":"https:\/\/centrechirurgical819.com\/en\/contact-us\/","og_locale":"en_US","og_type":"article","og_title":"Contact us - Centre Chirurgical 819","og_description":"Located in Gatineau, you can contact our team of specialists by email or by phone at 819-525-3250","og_url":"https:\/\/centrechirurgical819.com\/en\/contact-us\/","og_site_name":"Centre Chirurgical 819","article_modified_time":"2025-06-09T20:18:37+00:00","og_image":[{"width":1920,"height":1090,"url":"https:\/\/centrechirurgical819.com\/wp-content\/uploads\/2021\/11\/partage-fb.jpg","type":"image\/jpeg"}],"twitter_card":"summary_large_image","twitter_misc":{"Est. reading time":"1 minute"},"schema":{"@context":"https:\/\/schema.org","@graph":[{"@type":"WebPage","@id":"https:\/\/centrechirurgical819.com\/en\/contact-us\/","url":"https:\/\/centrechirurgical819.com\/en\/contact-us\/","name":"Contact us - Centre Chirurgical 819","isPartOf":{"@id":"https:\/\/centrechirurgical819.com\/#website"},"datePublished":"2021-09-09T19:34:11+00:00","dateModified":"2025-06-09T20:18:37+00:00","description":"Located in Gatineau, you can contact our team of specialists by email or by phone at 819-525-3250","breadcrumb":{"@id":"https:\/\/centrechirurgical819.com\/en\/contact-us\/#breadcrumb"},"inLanguage":"en-US","potentialAction":[{"@type":"ReadAction","target":["https:\/\/centrechirurgical819.com\/en\/contact-us\/"]}]},{"@type":"BreadcrumbList","@id":"https:\/\/centrechirurgical819.com\/en\/contact-us\/#breadcrumb","itemListElement":[{"@type":"ListItem","position":1,"name":"Home","item":"https:\/\/centrechirurgical819.com\/en\/"},{"@type":"ListItem","position":2,"name":"Contact us"}]},{"@type":"WebSite","@id":"https:\/\/centrechirurgical819.com\/#website","url":"https:\/\/centrechirurgical819.com\/","name":"Centre Chirurgical 819","description":"Le Centre chirurgical 819 r\u00e9unit une \u00e9quipe de professionnels de la sant\u00e9 et de chirurgiens sp\u00e9cialis\u00e9s en chirurgie de la cataracte","publisher":{"@id":"https:\/\/centrechirurgical819.com\/#organization"},"potentialAction":[{"@type":"SearchAction","target":{"@type":"EntryPoint","urlTemplate":"https:\/\/centrechirurgical819.com\/?s={search_term_string}"},"query-input":{"@type":"PropertyValueSpecification","valueRequired":true,"valueName":"search_term_string"}}],"inLanguage":"en-US"},{"@type":"Organization","@id":"https:\/\/centrechirurgical819.com\/#organization","name":"Centre chirurgical 819","url":"https:\/\/centrechirurgical819.com\/","logo":{"@type":"ImageObject","inLanguage":"en-US","@id":"https:\/\/centrechirurgical819.com\/#\/schema\/logo\/image\/","url":"https:\/\/centrechirurgical819.com\/wp-content\/uploads\/2021\/11\/logo.png","contentUrl":"https:\/\/centrechirurgical819.com\/wp-content\/uploads\/2021\/11\/logo.png","width":194,"height":74,"caption":"Centre chirurgical 819"},"image":{"@id":"https:\/\/centrechirurgical819.com\/#\/schema\/logo\/image\/"}}]}},"_links":{"self":[{"href":"https:\/\/centrechirurgical819.com\/en\/wp-json\/wp\/v2\/pages\/744","targetHints":{"allow":["GET"]}}],"collection":[{"href":"https:\/\/centrechirurgical819.com\/en\/wp-json\/wp\/v2\/pages"}],"about":[{"href":"https:\/\/centrechirurgical819.com\/en\/wp-json\/wp\/v2\/types\/page"}],"author":[{"embeddable":true,"href":"https:\/\/centrechirurgical819.com\/en\/wp-json\/wp\/v2\/users\/1"}],"replies":[{"embeddable":true,"href":"https:\/\/centrechirurgical819.com\/en\/wp-json\/wp\/v2\/comments?post=744"}],"version-history":[{"count":13,"href":"https:\/\/centrechirurgical819.com\/en\/wp-json\/wp\/v2\/pages\/744\/revisions"}],"predecessor-version":[{"id":1183,"href":"https:\/\/centrechirurgical819.com\/en\/wp-json\/wp\/v2\/pages\/744\/revisions\/1183"}],"wp:attachment":[{"href":"https:\/\/centrechirurgical819.com\/en\/wp-json\/wp\/v2\/media?parent=744"}],"curies":[{"name":"wp","href":"https:\/\/api.w.org\/{rel}","templated":true}]}}